{"id":2677,"date":"2021-04-06T02:12:19","date_gmt":"2021-04-06T07:12:19","guid":{"rendered":"http:\/\/127.0.0.1\/wp\/wp_test\/?page_id=2677"},"modified":"2023-10-19T11:54:08","modified_gmt":"2023-10-19T16:54:08","slug":"nosotros","status":"publish","type":"page","link":"https:\/\/tarjetasdelperu.com\/index.php\/nosotros\/","title":{"rendered":"Nosotros"},"content":{"rendered":"\t\t<div data-elementor-type=\"wp-page\" data-elementor-id=\"2677\" class=\"elementor elementor-2677\" data-elementor-post-type=\"page\">\n\t\t\t\t\t\t<section class=\"elementor-section elementor-top-section elementor-element elementor-element-dc1d637 elementor-section-full_width about2 about2-page-title elementor-section-height-default elementor-section-height-default\" data-id=\"dc1d637\" data-element_type=\"section\">\n\t\t\t\t\t\t<div class=\"elementor-container elementor-column-gap-no\">\n\t\t\t\t\t<div class=\"elementor-column elementor-col-100 elementor-top-column elementor-element elementor-element-cf68e80\" data-id=\"cf68e80\" data-element_type=\"column\">\n\t\t\t<div class=\"elementor-widget-wrap elementor-element-populated\">\n\t\t\t\t\t\t<div class=\"elementor-element elementor-element-70a45ec elementor-widget elementor-widget-heading\" data-id=\"70a45ec\" data-element_type=\"widget\" data-widget_type=\"heading.default\">\n\t\t\t\t<div class=\"elementor-widget-container\">\n\t\t\t\t\t<h2 class=\"elementor-heading-title elementor-size-default\">American  <span>Graphics<\/span><\/h2>\t\t\t\t<\/div>\n\t\t\t\t<\/div>\n\t\t\t\t<div class=\"elementor-element elementor-element-160ff35 elementor-widget elementor-widget-text-editor\" data-id=\"160ff35\" data-element_type=\"widget\" data-widget_type=\"text-editor.default\">\n\t\t\t\t<div class=\"elementor-widget-container\">\n\t\t\t\t\t\t\t\t\t<p>Somos American Graphics, una empresa dedicada a la impresi\u00f3n de alta calidad de tarjetas personales, volantes y afiches. Desde nuestro inicio, hemos comprometido nuestra pasi\u00f3n por la impresi\u00f3n con la misi\u00f3n de ayudar a nuestros clientes a destacarse en un mundo cada vez m\u00e1s visual y competitivo.<\/p>\t\t\t\t\t\t\t\t<\/div>\n\t\t\t\t<\/div>\n\t\t\t\t\t<\/div>\n\t\t<\/div>\n\t\t\t\t\t<\/div>\n\t\t<\/section>\n\t\t\t\t<section class=\"elementor-section elementor-top-section elementor-element elementor-element-a01592b elementor-section-full_width elementor-section-height-default elementor-section-height-default\" data-id=\"a01592b\" data-element_type=\"section\">\n\t\t\t\t\t\t<div class=\"elementor-container elementor-column-gap-no\">\n\t\t\t\t\t<div class=\"elementor-column elementor-col-100 elementor-top-column elementor-element elementor-element-ee8dcf5\" data-id=\"ee8dcf5\" data-element_type=\"column\">\n\t\t\t<div class=\"elementor-widget-wrap elementor-element-populated\">\n\t\t\t\t\t\t<div class=\"elementor-element elementor-element-e3e7b35 elementor-widget elementor-widget-image\" data-id=\"e3e7b35\" data-element_type=\"widget\" data-widget_type=\"image.default\">\n\t\t\t\t<div class=\"elementor-widget-container\">\n\t\t\t\t\t\t\t\t\t\t\t\t\t\t\t<img fetchpriority=\"high\" decoding=\"async\" width=\"995\" height=\"508\" src=\"data:image\/svg+xml,%20%3Csvg%20viewBox%3D%220%200%20995%20508%22%20xmlns%3D%22http%3A%2F%2Fwww.w3.org%2F2000%2Fsvg%22%3E%3C%2Fsvg%3E\" data-src=\"https:\/\/tarjetasdelperu.com\/wp-content\/uploads\/2023\/10\/nosotros1.jpg\" class=\" lazyload attachment-full size-full wp-image-2900\" alt=\"\" srcset=\"\" data-srcset=\"https:\/\/tarjetasdelperu.com\/wp-content\/uploads\/2023\/10\/nosotros1.jpg 995w, https:\/\/tarjetasdelperu.com\/wp-content\/uploads\/2023\/10\/nosotros1-500x255.jpg 500w, https:\/\/tarjetasdelperu.com\/wp-content\/uploads\/2023\/10\/nosotros1-300x153.jpg 300w, https:\/\/tarjetasdelperu.com\/wp-content\/uploads\/2023\/10\/nosotros1-768x392.jpg 768w, https:\/\/tarjetasdelperu.com\/wp-content\/uploads\/2023\/10\/nosotros1-150x77.jpg 150w\" sizes=\"(max-width: 995px) 100vw, 995px\" \/>\t\t\t\t\t\t\t\t\t\t\t\t\t\t\t<\/div>\n\t\t\t\t<\/div>\n\t\t\t\t\t<\/div>\n\t\t<\/div>\n\t\t\t\t\t<\/div>\n\t\t<\/section>\n\t\t\t\t<section class=\"elementor-section elementor-top-section elementor-element elementor-element-64c1ffe elementor-section-full_width about2 about2-text1 col-gap-30 elementor-section-height-default elementor-section-height-default\" data-id=\"64c1ffe\" data-element_type=\"section\">\n\t\t\t\t\t\t<div class=\"elementor-container elementor-column-gap-no\">\n\t\t\t\t\t<div class=\"elementor-column elementor-col-16 elementor-top-column elementor-element elementor-element-d291296 d-none d-lg-block\" data-id=\"d291296\" data-element_type=\"column\">\n\t\t\t<div class=\"elementor-widget-wrap\">\n\t\t\t\t\t\t\t<\/div>\n\t\t<\/div>\n\t\t\t\t<div class=\"elementor-column elementor-col-66 elementor-top-column elementor-element elementor-element-eb74ceb\" data-id=\"eb74ceb\" data-element_type=\"column\">\n\t\t\t<div class=\"elementor-widget-wrap elementor-element-populated\">\n\t\t\t\t\t\t<div class=\"elementor-element elementor-element-41b317b elementor-widget elementor-widget-heading\" data-id=\"41b317b\" data-element_type=\"widget\" data-widget_type=\"heading.default\">\n\t\t\t\t<div class=\"elementor-widget-container\">\n\t\t\t\t\t<h3 class=\"elementor-heading-title elementor-size-default\">Nuestro equipo<\/h3>\t\t\t\t<\/div>\n\t\t\t\t<\/div>\n\t\t\t\t<div class=\"elementor-element elementor-element-c44fec5 elementor-widget elementor-widget-text-editor\" data-id=\"c44fec5\" data-element_type=\"widget\" data-widget_type=\"text-editor.default\">\n\t\t\t\t<div class=\"elementor-widget-container\">\n\t\t\t\t\t\t\t\t\t<p>Nuestro equipo est\u00e1 formado por apasionados profesionales de la impresi\u00f3n, dise\u00f1adores gr\u00e1ficos talentosos y expertos en servicio al cliente. Cada miembro de nuestro equipo aporta un conjunto \u00fanico de habilidades y conocimientos que se combinan para ofrecer resultados excepcionales en cada proyecto.<\/p>\t\t\t\t\t\t\t\t<\/div>\n\t\t\t\t<\/div>\n\t\t\t\t<section class=\"elementor-section elementor-inner-section elementor-element elementor-element-d12de07 elementor-section-full_width col-gap-30 elementor-section-height-default elementor-section-height-default\" data-id=\"d12de07\" data-element_type=\"section\">\n\t\t\t\t\t\t<div class=\"elementor-container elementor-column-gap-no\">\n\t\t\t\t\t<div class=\"elementor-column elementor-col-33 elementor-inner-column elementor-element elementor-element-6150f1b\" data-id=\"6150f1b\" data-element_type=\"column\">\n\t\t\t<div class=\"elementor-widget-wrap elementor-element-populated\">\n\t\t\t\t\t\t<div class=\"elementor-element elementor-element-aa01a19 elementor-widget elementor-widget-heading\" data-id=\"aa01a19\" data-element_type=\"widget\" data-widget_type=\"heading.default\">\n\t\t\t\t<div class=\"elementor-widget-container\">\n\t\t\t\t\t<h4 class=\"elementor-heading-title elementor-size-default\">Valores<\/h4>\t\t\t\t<\/div>\n\t\t\t\t<\/div>\n\t\t\t\t\t<\/div>\n\t\t<\/div>\n\t\t\t\t<div class=\"elementor-column elementor-col-66 elementor-inner-column elementor-element elementor-element-db1d42d\" data-id=\"db1d42d\" data-element_type=\"column\">\n\t\t\t<div class=\"elementor-widget-wrap elementor-element-populated\">\n\t\t\t\t\t\t<div class=\"elementor-element elementor-element-fb6def5 elementor-widget elementor-widget-text-editor\" data-id=\"fb6def5\" data-element_type=\"widget\" data-widget_type=\"text-editor.default\">\n\t\t\t\t<div class=\"elementor-widget-container\">\n\t\t\t\t\t\t\t\t\t<p>En American Graphics, nuestros valores son el n\u00facleo de todo lo que hacemos. Valoramos la calidad, la innovaci\u00f3n, la integridad y la sostenibilidad en cada aspecto de nuestro negocio. Nos enorgullece ofrecer soluciones de impresi\u00f3n que no solo son visualmente impactantes, sino tambi\u00e9n amigables con el medio ambiente.<\/p>\t\t\t\t\t\t\t\t<\/div>\n\t\t\t\t<\/div>\n\t\t\t\t\t<\/div>\n\t\t<\/div>\n\t\t\t\t\t<\/div>\n\t\t<\/section>\n\t\t\t\t<section class=\"elementor-section elementor-inner-section elementor-element elementor-element-7e96d8e elementor-section-full_width col-gap-30 elementor-section-height-default elementor-section-height-default\" data-id=\"7e96d8e\" data-element_type=\"section\">\n\t\t\t\t\t\t<div class=\"elementor-container elementor-column-gap-no\">\n\t\t\t\t\t<div class=\"elementor-column elementor-col-33 elementor-inner-column elementor-element elementor-element-23e825e\" data-id=\"23e825e\" data-element_type=\"column\">\n\t\t\t<div class=\"elementor-widget-wrap elementor-element-populated\">\n\t\t\t\t\t\t<div class=\"elementor-element elementor-element-352096d elementor-widget elementor-widget-heading\" data-id=\"352096d\" data-element_type=\"widget\" data-widget_type=\"heading.default\">\n\t\t\t\t<div class=\"elementor-widget-container\">\n\t\t\t\t\t<h4 class=\"elementor-heading-title elementor-size-default\">Misi\u00f3n<\/h4>\t\t\t\t<\/div>\n\t\t\t\t<\/div>\n\t\t\t\t\t<\/div>\n\t\t<\/div>\n\t\t\t\t<div class=\"elementor-column elementor-col-66 elementor-inner-column elementor-element elementor-element-faa26bd\" data-id=\"faa26bd\" data-element_type=\"column\">\n\t\t\t<div class=\"elementor-widget-wrap elementor-element-populated\">\n\t\t\t\t\t\t<div class=\"elementor-element elementor-element-89f6fc8 elementor-widget elementor-widget-text-editor\" data-id=\"89f6fc8\" data-element_type=\"widget\" data-widget_type=\"text-editor.default\">\n\t\t\t\t<div class=\"elementor-widget-container\">\n\t\t\t\t\t\t\t\t\t<p>Nuestra misi\u00f3n es simple pero poderosa: Facilitar la creaci\u00f3n de impresiones excepcionales que dejen una impresi\u00f3n duradera. A trav\u00e9s de la innovaci\u00f3n, la calidad y un servicio al cliente excepcional, nos esforzamos por ser la elecci\u00f3n n\u00famero uno de individuos y empresas que buscan resultados impresionantes.<\/p>\t\t\t\t\t\t\t\t<\/div>\n\t\t\t\t<\/div>\n\t\t\t\t\t<\/div>\n\t\t<\/div>\n\t\t\t\t\t<\/div>\n\t\t<\/section>\n\t\t\t\t\t<\/div>\n\t\t<\/div>\n\t\t\t\t<div class=\"elementor-column elementor-col-16 elementor-top-column elementor-element elementor-element-e6c3e7b d-none d-lg-block\" data-id=\"e6c3e7b\" data-element_type=\"column\">\n\t\t\t<div class=\"elementor-widget-wrap\">\n\t\t\t\t\t\t\t<\/div>\n\t\t<\/div>\n\t\t\t\t\t<\/div>\n\t\t<\/section>\n\t\t\t\t<section class=\"elementor-section elementor-top-section elementor-element elementor-element-ebf74c8 col-gap-30 about2-couter elementor-section-boxed elementor-section-height-default elementor-section-height-default\" data-id=\"ebf74c8\" data-element_type=\"section\" data-settings=\"{&quot;background_background&quot;:&quot;classic&quot;}\">\n\t\t\t\t\t\t<div class=\"elementor-container elementor-column-gap-no\">\n\t\t\t\t\t<div class=\"elementor-column elementor-col-25 elementor-top-column elementor-element elementor-element-64ca7aa\" data-id=\"64ca7aa\" data-element_type=\"column\">\n\t\t\t<div class=\"elementor-widget-wrap elementor-element-populated\">\n\t\t\t\t\t\t<div class=\"elementor-element elementor-element-16539cb elementor-view-default elementor-widget elementor-widget-icon\" data-id=\"16539cb\" data-element_type=\"widget\" data-widget_type=\"icon.default\">\n\t\t\t\t<div class=\"elementor-widget-container\">\n\t\t\t\t\t\t\t<div class=\"elementor-icon-wrapper\">\n\t\t\t<div class=\"elementor-icon\">\n\t\t\t<i aria-hidden=\"true\" class=\"iconrt- icon-rt-heart2\"><\/i>\t\t\t<\/div>\n\t\t<\/div>\n\t\t\t\t\t\t<\/div>\n\t\t\t\t<\/div>\n\t\t\t\t<div class=\"elementor-element elementor-element-dc01cef elementor-widget elementor-widget-counter\" data-id=\"dc01cef\" data-element_type=\"widget\" data-widget_type=\"counter.default\">\n\t\t\t\t<div class=\"elementor-widget-container\">\n\t\t\t\t\t\t\t<div class=\"elementor-counter\">\n\t\t\t<div class=\"elementor-counter-title\">Clientes satisfechos<\/div>\t\t\t<div class=\"elementor-counter-number-wrapper\">\n\t\t\t\t<span class=\"elementor-counter-number-prefix\"><\/span>\n\t\t\t\t<span class=\"elementor-counter-number\" data-duration=\"2000\" data-to-value=\"20000\" data-from-value=\"15000\" data-delimiter=\",\">15000<\/span>\n\t\t\t\t<span class=\"elementor-counter-number-suffix\"><\/span>\n\t\t\t<\/div>\n\t\t<\/div>\n\t\t\t\t\t\t<\/div>\n\t\t\t\t<\/div>\n\t\t\t\t\t<\/div>\n\t\t<\/div>\n\t\t\t\t<div class=\"elementor-column elementor-col-25 elementor-top-column elementor-element elementor-element-2bbe9ce\" data-id=\"2bbe9ce\" data-element_type=\"column\">\n\t\t\t<div class=\"elementor-widget-wrap elementor-element-populated\">\n\t\t\t\t\t\t<div class=\"elementor-element elementor-element-b9ab7a5 elementor-view-default elementor-widget elementor-widget-icon\" data-id=\"b9ab7a5\" data-element_type=\"widget\" data-widget_type=\"icon.default\">\n\t\t\t\t<div class=\"elementor-widget-container\">\n\t\t\t\t\t\t\t<div class=\"elementor-icon-wrapper\">\n\t\t\t<div class=\"elementor-icon\">\n\t\t\t<i aria-hidden=\"true\" class=\"iconrt- icon-rt-globe-alt\"><\/i>\t\t\t<\/div>\n\t\t<\/div>\n\t\t\t\t\t\t<\/div>\n\t\t\t\t<\/div>\n\t\t\t\t<div class=\"elementor-element elementor-element-60341fe elementor-widget elementor-widget-counter\" data-id=\"60341fe\" data-element_type=\"widget\" data-widget_type=\"counter.default\">\n\t\t\t\t<div class=\"elementor-widget-container\">\n\t\t\t\t\t\t\t<div class=\"elementor-counter\">\n\t\t\t<div class=\"elementor-counter-title\">Pa\u00edses<\/div>\t\t\t<div class=\"elementor-counter-number-wrapper\">\n\t\t\t\t<span class=\"elementor-counter-number-prefix\"><\/span>\n\t\t\t\t<span class=\"elementor-counter-number\" data-duration=\"2000\" data-to-value=\"3\" data-from-value=\"0\" data-delimiter=\",\">0<\/span>\n\t\t\t\t<span class=\"elementor-counter-number-suffix\"><\/span>\n\t\t\t<\/div>\n\t\t<\/div>\n\t\t\t\t\t\t<\/div>\n\t\t\t\t<\/div>\n\t\t\t\t\t<\/div>\n\t\t<\/div>\n\t\t\t\t<div class=\"elementor-column elementor-col-25 elementor-top-column elementor-element elementor-element-6a1144f\" data-id=\"6a1144f\" data-element_type=\"column\">\n\t\t\t<div class=\"elementor-widget-wrap elementor-element-populated\">\n\t\t\t\t\t\t<div class=\"elementor-element elementor-element-19c2bf1 elementor-view-default elementor-widget elementor-widget-icon\" data-id=\"19c2bf1\" data-element_type=\"widget\" data-widget_type=\"icon.default\">\n\t\t\t\t<div class=\"elementor-widget-container\">\n\t\t\t\t\t\t\t<div class=\"elementor-icon-wrapper\">\n\t\t\t<div class=\"elementor-icon\">\n\t\t\t<i aria-hidden=\"true\" class=\"iconrt- icon-rt-ribbon-outline\"><\/i>\t\t\t<\/div>\n\t\t<\/div>\n\t\t\t\t\t\t<\/div>\n\t\t\t\t<\/div>\n\t\t\t\t<div class=\"elementor-element elementor-element-4aaa627 elementor-widget elementor-widget-counter\" data-id=\"4aaa627\" data-element_type=\"widget\" data-widget_type=\"counter.default\">\n\t\t\t\t<div class=\"elementor-widget-container\">\n\t\t\t\t\t\t\t<div class=\"elementor-counter\">\n\t\t\t<div class=\"elementor-counter-title\">Colaboradores<\/div>\t\t\t<div class=\"elementor-counter-number-wrapper\">\n\t\t\t\t<span class=\"elementor-counter-number-prefix\"><\/span>\n\t\t\t\t<span class=\"elementor-counter-number\" data-duration=\"2000\" data-to-value=\"100\" data-from-value=\"0\" data-delimiter=\",\">0<\/span>\n\t\t\t\t<span class=\"elementor-counter-number-suffix\"><\/span>\n\t\t\t<\/div>\n\t\t<\/div>\n\t\t\t\t\t\t<\/div>\n\t\t\t\t<\/div>\n\t\t\t\t\t<\/div>\n\t\t<\/div>\n\t\t\t\t<div class=\"elementor-column elementor-col-25 elementor-top-column elementor-element elementor-element-360a63e\" data-id=\"360a63e\" data-element_type=\"column\">\n\t\t\t<div class=\"elementor-widget-wrap elementor-element-populated\">\n\t\t\t\t\t\t<div class=\"elementor-element elementor-element-6b9004d elementor-view-default elementor-widget elementor-widget-icon\" data-id=\"6b9004d\" data-element_type=\"widget\" data-widget_type=\"icon.default\">\n\t\t\t\t<div class=\"elementor-widget-container\">\n\t\t\t\t\t\t\t<div class=\"elementor-icon-wrapper\">\n\t\t\t<div class=\"elementor-icon\">\n\t\t\t<i aria-hidden=\"true\" class=\"iconrt- icon-rt-location-outline\"><\/i>\t\t\t<\/div>\n\t\t<\/div>\n\t\t\t\t\t\t<\/div>\n\t\t\t\t<\/div>\n\t\t\t\t<div class=\"elementor-element elementor-element-d36f991 elementor-widget elementor-widget-counter\" data-id=\"d36f991\" data-element_type=\"widget\" data-widget_type=\"counter.default\">\n\t\t\t\t<div class=\"elementor-widget-container\">\n\t\t\t\t\t\t\t<div class=\"elementor-counter\">\n\t\t\t<div class=\"elementor-counter-title\">&gt;Tiendas<\/div>\t\t\t<div class=\"elementor-counter-number-wrapper\">\n\t\t\t\t<span class=\"elementor-counter-number-prefix\"><\/span>\n\t\t\t\t<span class=\"elementor-counter-number\" data-duration=\"2000\" data-to-value=\"24\" data-from-value=\"0\" data-delimiter=\",\">0<\/span>\n\t\t\t\t<span class=\"elementor-counter-number-suffix\"><\/span>\n\t\t\t<\/div>\n\t\t<\/div>\n\t\t\t\t\t\t<\/div>\n\t\t\t\t<\/div>\n\t\t\t\t\t<\/div>\n\t\t<\/div>\n\t\t\t\t\t<\/div>\n\t\t<\/section>\n\t\t\t\t<section class=\"elementor-section elementor-top-section elementor-element elementor-element-399eda3 elementor-section-full_width about2 about2-team elementor-hidden-desktop elementor-hidden-tablet elementor-hidden-mobile elementor-section-height-default elementor-section-height-default\" data-id=\"399eda3\" data-element_type=\"section\">\n\t\t\t\t\t\t<div class=\"elementor-container elementor-column-gap-no\">\n\t\t\t\t\t<div class=\"elementor-column elementor-col-100 elementor-top-column elementor-element elementor-element-c0561cc\" data-id=\"c0561cc\" data-element_type=\"column\">\n\t\t\t<div class=\"elementor-widget-wrap elementor-element-populated\">\n\t\t\t\t\t\t<div class=\"elementor-element elementor-element-f03c481 elementor-widget elementor-widget-heading\" data-id=\"f03c481\" data-element_type=\"widget\" data-widget_type=\"heading.default\">\n\t\t\t\t<div class=\"elementor-widget-container\">\n\t\t\t\t\t<h3 class=\"elementor-heading-title elementor-size-default\">Meet Our Team<\/h3>\t\t\t\t<\/div>\n\t\t\t\t<\/div>\n\t\t\t\t<section class=\"elementor-section elementor-inner-section elementor-element elementor-element-9b15b55 elementor-section-full_width col-gap-30 elementor-section-height-default elementor-section-height-default\" data-id=\"9b15b55\" data-element_type=\"section\">\n\t\t\t\t\t\t<div class=\"elementor-container elementor-column-gap-no\">\n\t\t\t\t\t<div class=\"elementor-column elementor-col-25 elementor-inner-column elementor-element elementor-element-7911c82\" data-id=\"7911c82\" data-element_type=\"column\">\n\t\t\t<div class=\"elementor-widget-wrap elementor-element-populated\">\n\t\t\t\t\t\t<div class=\"elementor-element elementor-element-26fc410 elementor-position-top elementor-widget elementor-widget-image-box\" data-id=\"26fc410\" data-element_type=\"widget\" data-widget_type=\"image-box.default\">\n\t\t\t\t<div class=\"elementor-widget-container\">\n\t\t\t\t\t<div class=\"elementor-image-box-wrapper\"><figure class=\"elementor-image-box-img\"><img class=\"lazyload\" decoding=\"async\" src=\"data:image\/gif;base64,R0lGODlhAQABAAAAACH5BAEKAAEALAAAAAABAAEAAAICTAEAOw==\" data-src=\"http:\/\/demo2.roadthemes.com\/rozer\/wp-content\/uploads\/2021\/04\/leader1-about2-1.jpg\" title=\"\" alt=\"\" loading=\"lazy\" \/><\/figure><div class=\"elementor-image-box-content\"><h5 class=\"elementor-image-box-title\">Marcosinacioluz<\/h5><p class=\"elementor-image-box-description\">Designer<\/p><\/div><\/div>\t\t\t\t<\/div>\n\t\t\t\t<\/div>\n\t\t\t\t\t<\/div>\n\t\t<\/div>\n\t\t\t\t<div class=\"elementor-column elementor-col-25 elementor-inner-column elementor-element elementor-element-9f749a1\" data-id=\"9f749a1\" data-element_type=\"column\">\n\t\t\t<div class=\"elementor-widget-wrap elementor-element-populated\">\n\t\t\t\t\t\t<div class=\"elementor-element elementor-element-233d100 elementor-position-top elementor-widget elementor-widget-image-box\" data-id=\"233d100\" data-element_type=\"widget\" data-widget_type=\"image-box.default\">\n\t\t\t\t<div class=\"elementor-widget-container\">\n\t\t\t\t\t<div class=\"elementor-image-box-wrapper\"><figure class=\"elementor-image-box-img\"><img class=\"lazyload\" decoding=\"async\" src=\"data:image\/gif;base64,R0lGODlhAQABAAAAACH5BAEKAAEALAAAAAABAAEAAAICTAEAOw==\" data-src=\"http:\/\/demo2.roadthemes.com\/rozer\/wp-content\/uploads\/2021\/04\/leader2-about2-1.jpg\" title=\"\" alt=\"\" loading=\"lazy\" \/><\/figure><div class=\"elementor-image-box-content\"><h5 class=\"elementor-image-box-title\">Wingcitymedia<\/h5><p class=\"elementor-image-box-description\">Photographer<\/p><\/div><\/div>\t\t\t\t<\/div>\n\t\t\t\t<\/div>\n\t\t\t\t\t<\/div>\n\t\t<\/div>\n\t\t\t\t<div class=\"elementor-column elementor-col-25 elementor-inner-column elementor-element elementor-element-fb99db8\" data-id=\"fb99db8\" data-element_type=\"column\">\n\t\t\t<div class=\"elementor-widget-wrap elementor-element-populated\">\n\t\t\t\t\t\t<div class=\"elementor-element elementor-element-2feb15d elementor-position-top elementor-widget elementor-widget-image-box\" data-id=\"2feb15d\" data-element_type=\"widget\" data-widget_type=\"image-box.default\">\n\t\t\t\t<div class=\"elementor-widget-container\">\n\t\t\t\t\t<div class=\"elementor-image-box-wrapper\"><figure class=\"elementor-image-box-img\"><img decoding=\"async\" width=\"1600\" height=\"420\" src=\"data:image\/svg+xml,%20%3Csvg%20viewBox%3D%220%200%201600%20420%22%20xmlns%3D%22http%3A%2F%2Fwww.w3.org%2F2000%2Fsvg%22%3E%3C%2Fsvg%3E\" data-src=\"https:\/\/tarjetasdelperu.com\/wp-content\/uploads\/2023\/10\/slider1.jpg\" class=\" lazyload attachment-full size-full wp-image-2691\" alt=\"\" srcset=\"\" data-srcset=\"https:\/\/tarjetasdelperu.com\/wp-content\/uploads\/2023\/10\/slider1.jpg 1600w, https:\/\/tarjetasdelperu.com\/wp-content\/uploads\/2023\/10\/slider1-500x131.jpg 500w, https:\/\/tarjetasdelperu.com\/wp-content\/uploads\/2023\/10\/slider1-300x79.jpg 300w, https:\/\/tarjetasdelperu.com\/wp-content\/uploads\/2023\/10\/slider1-1024x269.jpg 1024w, https:\/\/tarjetasdelperu.com\/wp-content\/uploads\/2023\/10\/slider1-768x202.jpg 768w, https:\/\/tarjetasdelperu.com\/wp-content\/uploads\/2023\/10\/slider1-1536x403.jpg 1536w, https:\/\/tarjetasdelperu.com\/wp-content\/uploads\/2023\/10\/slider1-150x39.jpg 150w\" sizes=\"(max-width: 1600px) 100vw, 1600px\" \/><\/figure><div class=\"elementor-image-box-content\"><h5 class=\"elementor-image-box-title\">Tee3sports<\/h5><p class=\"elementor-image-box-description\">Designer<\/p><\/div><\/div>\t\t\t\t<\/div>\n\t\t\t\t<\/div>\n\t\t\t\t\t<\/div>\n\t\t<\/div>\n\t\t\t\t<div class=\"elementor-column elementor-col-25 elementor-inner-column elementor-element elementor-element-8d2dbec\" data-id=\"8d2dbec\" data-element_type=\"column\">\n\t\t\t<div class=\"elementor-widget-wrap elementor-element-populated\">\n\t\t\t\t\t\t<div class=\"elementor-element elementor-element-0343ed7 elementor-position-top elementor-widget elementor-widget-image-box\" data-id=\"0343ed7\" data-element_type=\"widget\" data-widget_type=\"image-box.default\">\n\t\t\t\t<div class=\"elementor-widget-container\">\n\t\t\t\t\t<div class=\"elementor-image-box-wrapper\"><figure class=\"elementor-image-box-img\"><img decoding=\"async\" width=\"1600\" height=\"420\" src=\"data:image\/svg+xml,%20%3Csvg%20viewBox%3D%220%200%201600%20420%22%20xmlns%3D%22http%3A%2F%2Fwww.w3.org%2F2000%2Fsvg%22%3E%3C%2Fsvg%3E\" data-src=\"https:\/\/tarjetasdelperu.com\/wp-content\/uploads\/2023\/10\/slider2.jpg\" class=\" lazyload attachment-full size-full wp-image-2692\" alt=\"\" srcset=\"\" data-srcset=\"https:\/\/tarjetasdelperu.com\/wp-content\/uploads\/2023\/10\/slider2.jpg 1600w, https:\/\/tarjetasdelperu.com\/wp-content\/uploads\/2023\/10\/slider2-500x131.jpg 500w, https:\/\/tarjetasdelperu.com\/wp-content\/uploads\/2023\/10\/slider2-300x79.jpg 300w, https:\/\/tarjetasdelperu.com\/wp-content\/uploads\/2023\/10\/slider2-1024x269.jpg 1024w, https:\/\/tarjetasdelperu.com\/wp-content\/uploads\/2023\/10\/slider2-768x202.jpg 768w, https:\/\/tarjetasdelperu.com\/wp-content\/uploads\/2023\/10\/slider2-1536x403.jpg 1536w, https:\/\/tarjetasdelperu.com\/wp-content\/uploads\/2023\/10\/slider2-150x39.jpg 150w\" sizes=\"(max-width: 1600px) 100vw, 1600px\" \/><\/figure><div class=\"elementor-image-box-content\"><h5 class=\"elementor-image-box-title\">Aussiemines<\/h5><p class=\"elementor-image-box-description\">C.E.O<\/p><\/div><\/div>\t\t\t\t<\/div>\n\t\t\t\t<\/div>\n\t\t\t\t\t<\/div>\n\t\t<\/div>\n\t\t\t\t\t<\/div>\n\t\t<\/section>\n\t\t\t\t\t<\/div>\n\t\t<\/div>\n\t\t\t\t\t<\/div>\n\t\t<\/section>\n\t\t\t\t<\/div>\n\t\t","protected":false},"excerpt":{"rendered":"<p>American Graphics Somos American Graphics, una empresa dedicada a la impresi\u00f3n de alta calidad de tarjetas personales, volantes y afiches. Desde nuestro inicio, hemos comprometido nuestra pasi\u00f3n por la impresi\u00f3n con la misi\u00f3n de ayudar a nuestros clientes a destacarse en un mundo cada vez m\u00e1s visual y competitivo. Nuestro equipo Nuestro equipo est\u00e1 formado[&#8230;]<\/p>\n","protected":false},"author":1,"featured_media":0,"parent":0,"menu_order":0,"comment_status":"closed","ping_status":"closed","template":"","meta":{"footnotes":""},"class_list":["post-2677","page","type-page","status-publish","hentry"],"acf":[],"_links":{"self":[{"href":"https:\/\/tarjetasdelperu.com\/index.php\/wp-json\/wp\/v2\/pages\/2677","targetHints":{"allow":["GET"]}}],"collection":[{"href":"https:\/\/tarjetasdelperu.com\/index.php\/wp-json\/wp\/v2\/pages"}],"about":[{"href":"https:\/\/tarjetasdelperu.com\/index.php\/wp-json\/wp\/v2\/types\/page"}],"author":[{"embeddable":true,"href":"https:\/\/tarjetasdelperu.com\/index.php\/wp-json\/wp\/v2\/users\/1"}],"replies":[{"embeddable":true,"href":"https:\/\/tarjetasdelperu.com\/index.php\/wp-json\/wp\/v2\/comments?post=2677"}],"version-history":[{"count":7,"href":"https:\/\/tarjetasdelperu.com\/index.php\/wp-json\/wp\/v2\/pages\/2677\/revisions"}],"predecessor-version":[{"id":2926,"href":"https:\/\/tarjetasdelperu.com\/index.php\/wp-json\/wp\/v2\/pages\/2677\/revisions\/2926"}],"wp:attachment":[{"href":"https:\/\/tarjetasdelperu.com\/index.php\/wp-json\/wp\/v2\/media?parent=2677"}],"curies":[{"name":"wp","href":"https:\/\/api.w.org\/{rel}","templated":true}]}}